{"id":746,"date":"2022-04-30T09:17:57","date_gmt":"2022-04-30T07:17:57","guid":{"rendered":"https:\/\/boutique.consultenfant.fr\/?post_type=product&#038;p=746"},"modified":"2025-07-10T15:53:21","modified_gmt":"2025-07-10T13:53:21","slug":"affiche-sur-la-lutte-contre-les-violences-ordinaires","status":"publish","type":"product","link":"https:\/\/boutique.consultenfant.fr\/?product=affiche-sur-la-lutte-contre-les-violences-ordinaires","title":{"rendered":"Affiche sur la lutte contre les violences ordinaires"},"content":{"rendered":"<p>Je vous propose cette nouvelle affiche concernant la lutte des violences \u00e9ducatives ordinaires.<\/p>\n<p>Les affiches sont t\u00e9l\u00e9chargeables et ne sont pas envoy\u00e9es.<\/p>\n<p>Non personnalisable<\/p>\n<p>(Tout droit r\u00e9serv\u00e9 @consultenfant)<\/p>\n","protected":false},"excerpt":{"rendered":"<p>Cette affiche\u00a0 a pour objectif de sensibiliser les parents et professionnels de la petite enfance sur ces violences \u00e9ducatives et ainsi les \u00e9viter.<br \/>\nCette pr\u00e9vention fait d\u00e9sormais parti des obligations pour les EAJE.<\/p>\n","protected":false},"featured_media":1039,"comment_status":"open","ping_status":"closed","template":"","meta":[],"product_brand":[],"product_cat":[107],"product_tag":[70,110,112,111],"class_list":{"0":"post-746","1":"product","2":"type-product","3":"status-publish","4":"has-post-thumbnail","6":"product_cat-affiche","7":"product_tag-accueil-en-creche","8":"product_tag-affiche-consultenfant","9":"product_tag-preventionn","10":"product_tag-violence-educative-ordinaire","12":"first","13":"instock","14":"downloadable","15":"virtual","16":"purchasable","17":"product-type-simple"},"_links":{"self":[{"href":"https:\/\/boutique.consultenfant.fr\/index.php?rest_route=\/wp\/v2\/product\/746","targetHints":{"allow":["GET"]}}],"collection":[{"href":"https:\/\/boutique.consultenfant.fr\/index.php?rest_route=\/wp\/v2\/product"}],"about":[{"href":"https:\/\/boutique.consultenfant.fr\/index.php?rest_route=\/wp\/v2\/types\/product"}],"replies":[{"embeddable":true,"href":"https:\/\/boutique.consultenfant.fr\/index.php?rest_route=%2Fwp%2Fv2%2Fcomments&post=746"}],"wp:featuredmedia":[{"embeddable":true,"href":"https:\/\/boutique.consultenfant.fr\/index.php?rest_route=\/wp\/v2\/media\/1039"}],"wp:attachment":[{"href":"https:\/\/boutique.consultenfant.fr\/index.php?rest_route=%2Fwp%2Fv2%2Fmedia&parent=746"}],"wp:term":[{"taxonomy":"product_brand","embeddable":true,"href":"https:\/\/boutique.consultenfant.fr\/index.php?rest_route=%2Fwp%2Fv2%2Fproduct_brand&post=746"},{"taxonomy":"product_cat","embeddable":true,"href":"https:\/\/boutique.consultenfant.fr\/index.php?rest_route=%2Fwp%2Fv2%2Fproduct_cat&post=746"},{"taxonomy":"product_tag","embeddable":true,"href":"https:\/\/boutique.consultenfant.fr\/index.php?rest_route=%2Fwp%2Fv2%2Fproduct_tag&post=746"}],"curies":[{"name":"wp","href":"https:\/\/api.w.org\/{rel}","templated":true}]}}