{"id":712,"date":"2022-01-10T11:08:18","date_gmt":"2022-01-10T10:08:18","guid":{"rendered":"https:\/\/boutique.consultenfant.fr\/?post_type=product&#038;p=712"},"modified":"2025-03-11T17:49:00","modified_gmt":"2025-03-11T16:49:00","slug":"affiche-la-gestion-des-morsures-en-creche","status":"publish","type":"product","link":"https:\/\/boutique.consultenfant.fr\/?product=affiche-la-gestion-des-morsures-en-creche","title":{"rendered":"Affiche : la gestion des morsures en cr\u00e9che"},"content":{"rendered":"<p>Je vous propose cette nouvelle affiche qui reprend les diff\u00e9rentes solutions lorsqu&rsquo;un enfant est mordu.<\/p>\n<p>Les affiches sont t\u00e9l\u00e9chargeables et ne sont pas envoy\u00e9es.<\/p>\n<p>Non personnalisable<\/p>\n<p>(Tout droit r\u00e9serv\u00e9 @consultenfant)<\/p>\n","protected":false},"excerpt":{"rendered":"<p class=\"_04xlpA direction-ltr align-start para-style-body\"><span class=\"JsGRdQ\">Porter les \u00e9l\u00e9ments qui l&rsquo;entourent \u00e0 la bouche est une mani\u00e8re naturelle pour l&rsquo;enfant de d\u00e9couvrir le monde.<\/span><\/p>\n<p class=\"_04xlpA direction-ltr align-start para-style-body\"><span class=\"JsGRdQ\">Pour certains enfants cela devient probl\u00e9matique lorsqu&rsquo;ils se mettent \u00e0 mordre de mani\u00e8re r\u00e9p\u00e9titive.<\/span><\/p>\n<p class=\"_04xlpA direction-ltr align-start para-style-body\"><span class=\"JsGRdQ\">Cette situation cr\u00e9\u00e9e un climat de tension dans la structure auquel il faut rem\u00e9dier.<\/span><\/p>\n<p class=\"_04xlpA direction-ltr align-start para-style-body\"><span class=\"JsGRdQ\">Cette affiche vous propose quelques recommandations qu&rsquo;il convient d&rsquo;adapter de mani\u00e8re individualis\u00e9e.<\/span><\/p>\n","protected":false},"featured_media":1035,"comment_status":"open","ping_status":"closed","template":"","meta":[],"product_brand":[],"product_cat":[107,38],"product_tag":[70,74,109,46,58],"class_list":{"0":"post-712","1":"product","2":"type-product","3":"status-publish","4":"has-post-thumbnail","6":"product_cat-affiche","7":"product_cat-equipe","8":"product_tag-accueil-en-creche","9":"product_tag-affiche","10":"product_tag-petite-enfance","11":"product_tag-prevention","12":"product_tag-protocole","14":"first","15":"instock","16":"downloadable","17":"virtual","18":"purchasable","19":"product-type-simple"},"_links":{"self":[{"href":"https:\/\/boutique.consultenfant.fr\/index.php?rest_route=\/wp\/v2\/product\/712","targetHints":{"allow":["GET"]}}],"collection":[{"href":"https:\/\/boutique.consultenfant.fr\/index.php?rest_route=\/wp\/v2\/product"}],"about":[{"href":"https:\/\/boutique.consultenfant.fr\/index.php?rest_route=\/wp\/v2\/types\/product"}],"replies":[{"embeddable":true,"href":"https:\/\/boutique.consultenfant.fr\/index.php?rest_route=%2Fwp%2Fv2%2Fcomments&post=712"}],"wp:featuredmedia":[{"embeddable":true,"href":"https:\/\/boutique.consultenfant.fr\/index.php?rest_route=\/wp\/v2\/media\/1035"}],"wp:attachment":[{"href":"https:\/\/boutique.consultenfant.fr\/index.php?rest_route=%2Fwp%2Fv2%2Fmedia&parent=712"}],"wp:term":[{"taxonomy":"product_brand","embeddable":true,"href":"https:\/\/boutique.consultenfant.fr\/index.php?rest_route=%2Fwp%2Fv2%2Fproduct_brand&post=712"},{"taxonomy":"product_cat","embeddable":true,"href":"https:\/\/boutique.consultenfant.fr\/index.php?rest_route=%2Fwp%2Fv2%2Fproduct_cat&post=712"},{"taxonomy":"product_tag","embeddable":true,"href":"https:\/\/boutique.consultenfant.fr\/index.php?rest_route=%2Fwp%2Fv2%2Fproduct_tag&post=712"}],"curies":[{"name":"wp","href":"https:\/\/api.w.org\/{rel}","templated":true}]}}