{"id":652,"date":"2021-05-02T16:29:58","date_gmt":"2021-05-02T14:29:58","guid":{"rendered":"https:\/\/boutique.consultenfant.fr\/?post_type=product&#038;p=652"},"modified":"2025-07-10T15:53:44","modified_gmt":"2025-07-10T13:53:44","slug":"affiche-prevention-des-chutes-de-la-table-a-langer","status":"publish","type":"product","link":"https:\/\/boutique.consultenfant.fr\/?product=affiche-prevention-des-chutes-de-la-table-a-langer","title":{"rendered":"Affiche pr\u00e9vention des chutes de la table \u00e0 langer"},"content":{"rendered":"<p>Les affiches sont t\u00e9l\u00e9chargeables et ne sont pas envoy\u00e9es.<\/p>\n<p>Non personnalisable<\/p>\n<p>(Tout droit r\u00e9serv\u00e9 @consultenfant)<\/p>\n","protected":false},"excerpt":{"rendered":"<p>Les chutes, de mani\u00e8re g\u00e9n\u00e9rale, sont la premi\u00e8re cause d&rsquo;accidents chez le jeune enfant.<\/p>\n<p>Chaque ann\u00e9e, il y a plus de 2000 enfants*, ce qui fait plus de 4 enfants par jour, qui tombent de la table \u00e0 langer, cela repr\u00e9sente 34% des chutes.<\/p>\n<p>Ces accidents surviennent d\u00e9s le premier mois, avec un pic de 3 \u00e0 9 mois et se poursuit au del\u00e0 des 24 mois de l&rsquo;enfant.<\/p>\n<p>Ces chutes peuvent causer commotions, contusions, fractures, plaies, luxations, entorses &#8230; D&rsquo;o\u00f9 l&rsquo;importance de pr\u00e9venir ces accidents de la vie courante !<\/p>\n<p>(* Donn\u00e9es de l\u2019Enqu\u00eate Permanente sur les Accidents de la vie Courante de la veille sanitaire)<\/p>\n","protected":false},"featured_media":1044,"comment_status":"open","ping_status":"closed","template":"","meta":[],"product_brand":[],"product_cat":[107,28],"product_tag":[74,108,46],"class_list":{"0":"post-652","1":"product","2":"type-product","3":"status-publish","4":"has-post-thumbnail","6":"product_cat-affiche","7":"product_cat-securite","8":"product_tag-affiche","9":"product_tag-chute","10":"product_tag-prevention","12":"first","13":"instock","14":"downloadable","15":"virtual","16":"purchasable","17":"product-type-simple"},"_links":{"self":[{"href":"https:\/\/boutique.consultenfant.fr\/index.php?rest_route=\/wp\/v2\/product\/652","targetHints":{"allow":["GET"]}}],"collection":[{"href":"https:\/\/boutique.consultenfant.fr\/index.php?rest_route=\/wp\/v2\/product"}],"about":[{"href":"https:\/\/boutique.consultenfant.fr\/index.php?rest_route=\/wp\/v2\/types\/product"}],"replies":[{"embeddable":true,"href":"https:\/\/boutique.consultenfant.fr\/index.php?rest_route=%2Fwp%2Fv2%2Fcomments&post=652"}],"wp:featuredmedia":[{"embeddable":true,"href":"https:\/\/boutique.consultenfant.fr\/index.php?rest_route=\/wp\/v2\/media\/1044"}],"wp:attachment":[{"href":"https:\/\/boutique.consultenfant.fr\/index.php?rest_route=%2Fwp%2Fv2%2Fmedia&parent=652"}],"wp:term":[{"taxonomy":"product_brand","embeddable":true,"href":"https:\/\/boutique.consultenfant.fr\/index.php?rest_route=%2Fwp%2Fv2%2Fproduct_brand&post=652"},{"taxonomy":"product_cat","embeddable":true,"href":"https:\/\/boutique.consultenfant.fr\/index.php?rest_route=%2Fwp%2Fv2%2Fproduct_cat&post=652"},{"taxonomy":"product_tag","embeddable":true,"href":"https:\/\/boutique.consultenfant.fr\/index.php?rest_route=%2Fwp%2Fv2%2Fproduct_tag&post=652"}],"curies":[{"name":"wp","href":"https:\/\/api.w.org\/{rel}","templated":true}]}}