{"id":630,"date":"2020-11-09T19:12:00","date_gmt":"2020-11-09T18:12:00","guid":{"rendered":"https:\/\/boutique.consultenfant.fr\/?post_type=product&#038;p=630"},"modified":"2025-07-17T14:17:36","modified_gmt":"2025-07-17T12:17:36","slug":"formation-a-distance-tout-savoir-sur-lhygiene","status":"publish","type":"product","link":"https:\/\/boutique.consultenfant.fr\/?product=formation-a-distance-tout-savoir-sur-lhygiene","title":{"rendered":"Formation \u00e0 distance \u00ab\u00a0Tout savoir sur l&rsquo;hygi\u00e8ne\u00a0\u00bb"},"content":{"rendered":"<p>L\u2019hygi\u00e8ne est un ensemble de mesures destin\u00e9es \u00e0 pr\u00e9venir les infections. Les structures d\u2019accueil petite enfance sont class\u00e9es en bas niveau de contamination. Pour autant, elles<\/p>\n<ul id=\"ember35811\" class=\"part-content ember-view\" contenteditable=\"\">\n<li>Sont propices aux d\u00e9veloppement des microbes du \u00e0 l&rsquo;environnement et au fait que les enfants se transmettent facilement les germes.<\/li>\n<li>Accueillent de tr\u00e8s jeunes enfants au syst\u00e8me immunitaire peu d\u00e9velopp\u00e9 et fragile. Les enfants sont sensibles aux virus, bact\u00e9ries ou parasites et au TIAC (toxi infections alimentaires).<\/li>\n<li>Soumettent les professionnels \u00e0 des risques. Certains agents biologiques provoques des pathologies plus ou moins graves.<\/li>\n<\/ul>\n<p><em><strong>Objectifs de la formation :<\/strong><\/em><br \/>\n&#8211; Aborder la l\u00e9gislation et quelques d\u00e9finitions pour comprendre les int\u00e9r\u00eats et enjeux de l&rsquo;hygi\u00e8ne en structure d&rsquo;accueil<br \/>\n&#8211; Connaitre les mesures d&rsquo;hygi\u00e8ne simple, et savoir les mettre en place<br \/>\n&#8211; Connaitre les m\u00e9thodes de nettoyage et les produits \u00e0 utiliser<br \/>\n&#8211; Comprendre l\u2019int\u00e9r\u00eat du Plan de Maitrise Sanitaire et savoir de quoi il est compos\u00e9<br \/>\n&#8211; Connaitre la m\u00e9thode HACCP et les techniques de pr\u00e9vention des Toxi Infections Alimentaire Collective<br \/>\n&#8211; Savoir s\u2019adapter en cas de non-conformit\u00e9<br \/>\n&#8211; Savoir transmettre aux parents et enfants les bonnes notions et les bons gestes<br \/>\n&#8211; Savoir ajuster son protocole selon les \u00e9v\u00e9nements : lors d&rsquo;une \u00e9pid\u00e9mie et lors de la pand\u00e9mie du Covid 19<br \/>\n&#8211; Utiliser les outils de tra\u00e7abilit\u00e9<\/p>\n","protected":false},"excerpt":{"rendered":"<p>Formation \u00e0 distance et financ\u00e9e par votre OPCO.<\/p>\n<p>T\u00e9l\u00e9charger le programme de la formation<\/p>\n<div><\/div>\n<div class=\"thn_post_wrap\">Formation r\u00e9alis\u00e9e sur une plateforme de formation \u00e0 distance : 14h de formation.<\/div>\n<div>Avec un temps de visio conf\u00e9rence selon la demande des participants<\/div>\n<div><\/div>\n<div><\/div>\n<div class=\"thn_post_wrap\">Formation financ\u00e9e \u00e0 100% jusqu&rsquo;au 31 d\u00e9cembre 2020<\/div>\n<div><\/div>\n<div class=\"thn_post_wrap\"><span style=\"color: #000080;\">Formations <\/span>\u00a0micro cr\u00e8che (4 professionnels) : 1680 euros Tarif d\u00e9gressif si plus de structures ou plus de participants<\/div>\n<div class=\"thn_post_wrap\"><span style=\"color: #000080;\">Formations interprofessionnelles<\/span> 1 professionnel : 600 euros<\/div>\n<div class=\"thn_post_wrap\"><span style=\"color: #000080;\">Formations individuelles sans subvention :\u00a0 <\/span>\u00c9tudiant, ch\u00f4meur, formation personnelle : 440 euros<\/div>\n<div><\/div>\n<p>Contactez moi pour \u00e9tablir un devis et pour effectuer l&rsquo;inscription<\/p>\n<p>&nbsp;<\/p>\n","protected":false},"featured_media":631,"comment_status":"open","ping_status":"closed","template":"","meta":[],"product_brand":[],"product_cat":[68,38,27,29],"product_tag":[69,90,78,104,22,103,106,105,36,23,43],"class_list":{"0":"post-630","1":"product","2":"type-product","3":"status-publish","4":"has-post-thumbnail","6":"product_cat-coronavirus","7":"product_cat-equipe","8":"product_cat-hygiene","9":"product_cat-sante","10":"product_tag-coronavirus","11":"product_tag-formations-petite-enfance","12":"product_tag-hygiene","13":"product_tag-hygiene-en-creche","14":"product_tag-plan-de-maitrise-sanitaire","15":"product_tag-plan-de-maitrise-santaire","16":"product_tag-prevention-tiac","17":"product_tag-protocole-covid-19","18":"product_tag-protocoles","19":"product_tag-protocoles-hygiene","20":"product_tag-vaccinations","22":"first","23":"instock","24":"downloadable","25":"virtual","26":"purchasable","27":"product-type-simple"},"_links":{"self":[{"href":"https:\/\/boutique.consultenfant.fr\/index.php?rest_route=\/wp\/v2\/product\/630","targetHints":{"allow":["GET"]}}],"collection":[{"href":"https:\/\/boutique.consultenfant.fr\/index.php?rest_route=\/wp\/v2\/product"}],"about":[{"href":"https:\/\/boutique.consultenfant.fr\/index.php?rest_route=\/wp\/v2\/types\/product"}],"replies":[{"embeddable":true,"href":"https:\/\/boutique.consultenfant.fr\/index.php?rest_route=%2Fwp%2Fv2%2Fcomments&post=630"}],"wp:featuredmedia":[{"embeddable":true,"href":"https:\/\/boutique.consultenfant.fr\/index.php?rest_route=\/wp\/v2\/media\/631"}],"wp:attachment":[{"href":"https:\/\/boutique.consultenfant.fr\/index.php?rest_route=%2Fwp%2Fv2%2Fmedia&parent=630"}],"wp:term":[{"taxonomy":"product_brand","embeddable":true,"href":"https:\/\/boutique.consultenfant.fr\/index.php?rest_route=%2Fwp%2Fv2%2Fproduct_brand&post=630"},{"taxonomy":"product_cat","embeddable":true,"href":"https:\/\/boutique.consultenfant.fr\/index.php?rest_route=%2Fwp%2Fv2%2Fproduct_cat&post=630"},{"taxonomy":"product_tag","embeddable":true,"href":"https:\/\/boutique.consultenfant.fr\/index.php?rest_route=%2Fwp%2Fv2%2Fproduct_tag&post=630"}],"curies":[{"name":"wp","href":"https:\/\/api.w.org\/{rel}","templated":true}]}}