{"id":574,"date":"2020-05-03T22:17:30","date_gmt":"2020-05-03T20:17:30","guid":{"rendered":"https:\/\/boutique.consultenfant.fr\/?post_type=product&#038;p=574"},"modified":"2021-08-24T18:25:17","modified_gmt":"2021-08-24T16:25:17","slug":"formation-a-distance","status":"publish","type":"product","link":"https:\/\/boutique.consultenfant.fr\/?product=formation-a-distance","title":{"rendered":"Formation \u00e0 distance"},"content":{"rendered":"<p>Je vous propose une nouvelle formation en rapport \u00e0 ce que nous vivons actuellement.<br \/>\nC&rsquo;est un parcours de formation \u00e0 distance dans lequel nous travaillons<\/p>\n<ul>\n<li>les \u00e9motions,<\/li>\n<li>l\u2019hygi\u00e8ne<\/li>\n<li>les relations parents\/enfants\/professionnels.<\/li>\n<\/ul>\n<p>Cette formation \u00e0 distance est financ\u00e9e par un dispositif sp\u00e9cial, qui permet un financement \u00e0 100% par votre OPCO jusqu&rsquo;au 31 juillet aux salari\u00e9s en activit\u00e9 partielle.<\/p>\n<p>Elle est compos\u00e9e de deux parties : 5h de travail \u00e0 distance sur dossier et 2h de visio-conf\u00e9rence (pouvant \u00eatre d\u00e9coup\u00e9es).<\/p>\n<p>N&rsquo;h\u00e9sitez pas \u00e0 me contacter pour plus de renseignements.<\/p>\n","protected":false},"excerpt":{"rendered":"<p>Formation \u00e0 distance et financ\u00e9e par votre OPCO. Contactez moi pour \u00e9tablir un devis.<\/p>\n<p>Vous pouvez t\u00e9l\u00e9charger le programme de formation.<\/p>\n","protected":false},"featured_media":575,"comment_status":"open","ping_status":"closed","template":"","meta":[],"product_brand":[],"product_cat":[38,27],"product_tag":[99,101,100,102,90],"class_list":{"0":"post-574","1":"product","2":"type-product","3":"status-publish","4":"has-post-thumbnail","6":"product_cat-equipe","7":"product_cat-hygiene","8":"product_tag-formation-coronavirus","9":"product_tag-formation-emotions","10":"product_tag-formation-hygiene-et-covid","11":"product_tag-formation-relations-parents-enfants-et-professionnels","12":"product_tag-formations-petite-enfance","14":"first","15":"outofstock","16":"downloadable","17":"shipping-taxable","18":"purchasable","19":"product-type-simple"},"_links":{"self":[{"href":"https:\/\/boutique.consultenfant.fr\/index.php?rest_route=\/wp\/v2\/product\/574","targetHints":{"allow":["GET"]}}],"collection":[{"href":"https:\/\/boutique.consultenfant.fr\/index.php?rest_route=\/wp\/v2\/product"}],"about":[{"href":"https:\/\/boutique.consultenfant.fr\/index.php?rest_route=\/wp\/v2\/types\/product"}],"replies":[{"embeddable":true,"href":"https:\/\/boutique.consultenfant.fr\/index.php?rest_route=%2Fwp%2Fv2%2Fcomments&post=574"}],"wp:featuredmedia":[{"embeddable":true,"href":"https:\/\/boutique.consultenfant.fr\/index.php?rest_route=\/wp\/v2\/media\/575"}],"wp:attachment":[{"href":"https:\/\/boutique.consultenfant.fr\/index.php?rest_route=%2Fwp%2Fv2%2Fmedia&parent=574"}],"wp:term":[{"taxonomy":"product_brand","embeddable":true,"href":"https:\/\/boutique.consultenfant.fr\/index.php?rest_route=%2Fwp%2Fv2%2Fproduct_brand&post=574"},{"taxonomy":"product_cat","embeddable":true,"href":"https:\/\/boutique.consultenfant.fr\/index.php?rest_route=%2Fwp%2Fv2%2Fproduct_cat&post=574"},{"taxonomy":"product_tag","embeddable":true,"href":"https:\/\/boutique.consultenfant.fr\/index.php?rest_route=%2Fwp%2Fv2%2Fproduct_tag&post=574"}],"curies":[{"name":"wp","href":"https:\/\/api.w.org\/{rel}","templated":true}]}}