{"id":36,"date":"2020-04-14T15:08:50","date_gmt":"2020-04-14T13:08:50","guid":{"rendered":"http:\/\/boutique.consultenfant.fr\/?p=36"},"modified":"2020-08-03T09:29:33","modified_gmt":"2020-08-03T07:29:33","slug":"plan-de-mise-en-surete","status":"publish","type":"product","link":"https:\/\/boutique.consultenfant.fr\/?product=plan-de-mise-en-surete","title":{"rendered":"Plan de mise en s\u00fbret\u00e9"},"content":{"rendered":"<p>Depuis avril 2017, le minist\u00e8re de la famille et des droits des femmes a \u00e9labor\u00e9 un guide de s\u00fbret\u00e9 \u00e0 destination des \u00e9tablissement d&rsquo;accueil de jeune enfant afin de pr\u00e9parer les professionnel et faire face aux situations d\u2019urgences particuli\u00e8res telles qu\u2019une intrusion, une attaque terroriste.<\/p>\n<p>Ce guide rappelle l\u2019int\u00e9r\u00eat d\u2019\u00e9laborer un projet de mise en s\u00fbret\u00e9 sp\u00e9cifique \u00e0 chaque \u00e9tablissement afin d\u2019\u00eatre pr\u00eat en cas d\u2019urgence et de mettre en s\u00e9curit\u00e9 le personnel et les enfants.<\/p>\n<p>Le plan de s\u00fbret\u00e9 s\u2019\u00e9tablit en plusieurs points :<\/p>\n<ul>\n<li>Rappel des r\u00e8gles simples<\/li>\n<li>\u00c9vacuation<\/li>\n<li>Mise \u00e0 l\u2019abri<\/li>\n<li>Alerter<\/li>\n<\/ul>\n<p>Pour un document personnalis\u00e9 \u00e0 votre structure, pensez \u00e0 compl\u00e9ter la commande avec l&rsquo;option personnalisation.<a href=\"https:\/\/boutique.consultenfant.fr\/?product=personnalisation\" target=\"_blank\" rel=\"noopener noreferrer\"><img loading=\"lazy\" decoding=\"async\" class=\"aligncenter wp-image-133\" src=\"https:\/\/boutique.consultenfant.fr\/wp-content\/uploads\/2020\/04\/personnamlisation-300x300.png\" alt=\"\" width=\"145\" height=\"145\" srcset=\"https:\/\/boutique.consultenfant.fr\/wp-content\/uploads\/2020\/04\/personnamlisation-300x300.png 300w, https:\/\/boutique.consultenfant.fr\/wp-content\/uploads\/2020\/04\/personnamlisation-150x150.png 150w, https:\/\/boutique.consultenfant.fr\/wp-content\/uploads\/2020\/04\/personnamlisation-768x768.png 768w, https:\/\/boutique.consultenfant.fr\/wp-content\/uploads\/2020\/04\/personnamlisation-324x324.png 324w, https:\/\/boutique.consultenfant.fr\/wp-content\/uploads\/2020\/04\/personnamlisation-416x416.png 416w, https:\/\/boutique.consultenfant.fr\/wp-content\/uploads\/2020\/04\/personnamlisation-100x100.png 100w, https:\/\/boutique.consultenfant.fr\/wp-content\/uploads\/2020\/04\/personnamlisation.png 801w\" sizes=\"auto, (max-width: 145px) 100vw, 145px\" \/><\/a><\/p>\n","protected":false},"excerpt":{"rendered":"<p>Se pr\u00e9parer et prot\u00e9ger les enfants quelque soit la situation.<\/p>\n","protected":false},"featured_media":130,"comment_status":"open","ping_status":"closed","template":"","meta":[],"product_brand":[],"product_cat":[28],"product_tag":[24],"class_list":{"0":"post-36","1":"product","2":"type-product","3":"status-publish","4":"has-post-thumbnail","6":"product_cat-securite","7":"product_tag-plan-de-mise-en-surete","9":"first","10":"instock","11":"shipping-taxable","12":"purchasable","13":"product-type-simple"},"_links":{"self":[{"href":"https:\/\/boutique.consultenfant.fr\/index.php?rest_route=\/wp\/v2\/product\/36","targetHints":{"allow":["GET"]}}],"collection":[{"href":"https:\/\/boutique.consultenfant.fr\/index.php?rest_route=\/wp\/v2\/product"}],"about":[{"href":"https:\/\/boutique.consultenfant.fr\/index.php?rest_route=\/wp\/v2\/types\/product"}],"replies":[{"embeddable":true,"href":"https:\/\/boutique.consultenfant.fr\/index.php?rest_route=%2Fwp%2Fv2%2Fcomments&post=36"}],"wp:featuredmedia":[{"embeddable":true,"href":"https:\/\/boutique.consultenfant.fr\/index.php?rest_route=\/wp\/v2\/media\/130"}],"wp:attachment":[{"href":"https:\/\/boutique.consultenfant.fr\/index.php?rest_route=%2Fwp%2Fv2%2Fmedia&parent=36"}],"wp:term":[{"taxonomy":"product_brand","embeddable":true,"href":"https:\/\/boutique.consultenfant.fr\/index.php?rest_route=%2Fwp%2Fv2%2Fproduct_brand&post=36"},{"taxonomy":"product_cat","embeddable":true,"href":"https:\/\/boutique.consultenfant.fr\/index.php?rest_route=%2Fwp%2Fv2%2Fproduct_cat&post=36"},{"taxonomy":"product_tag","embeddable":true,"href":"https:\/\/boutique.consultenfant.fr\/index.php?rest_route=%2Fwp%2Fv2%2Fproduct_tag&post=36"}],"curies":[{"name":"wp","href":"https:\/\/api.w.org\/{rel}","templated":true}]}}