{"id":35,"date":"2020-04-14T15:08:50","date_gmt":"2020-04-14T13:08:50","guid":{"rendered":"http:\/\/boutique.consultenfant.fr\/?p=35"},"modified":"2021-06-02T09:35:40","modified_gmt":"2021-06-02T07:35:40","slug":"maitrise-de-la-qualite-de-lair","status":"publish","type":"product","link":"https:\/\/boutique.consultenfant.fr\/?product=maitrise-de-la-qualite-de-lair","title":{"rendered":"Ma\u00eetrise de la qualit\u00e9 de l&rsquo;air"},"content":{"rendered":"<p>Suite \u00e0 la loi Grenelle 2, en janvier 2018 les \u00e9tablissements accueillants des enfants (tels que les cr\u00e8ches) doivent se soumettre \u00e0 une v\u00e9rification de l\u2019air int\u00e9rieur.<\/p>\n<p>Ce dossier se d\u00e9compose en plusieurs parties ;<\/p>\n<ul>\n<li>Que dit la l\u00e9gislation ?<\/li>\n<li>Etat des lieux,<\/li>\n<li>Des solutions pour am\u00e9liorer la qualit\u00e9 de l&rsquo;air int\u00e9rieur,<\/li>\n<li>Dossier \u00e0 remplir par l&rsquo;\u00e9quipe afin d&rsquo;\u00e9valuer la qualit\u00e9 de l&rsquo;air de votre \u00e9tablissement.<\/li>\n<\/ul>\n<p>Pour un document personnalis\u00e9 \u00e0 votre structure, pensez \u00e0 compl\u00e9ter la commande avec l&rsquo;option personnalisation.<a href=\"https:\/\/boutique.consultenfant.fr\/?product=personnalisation\" target=\"_blank\" rel=\"noopener noreferrer\"><img loading=\"lazy\" decoding=\"async\" class=\"aligncenter wp-image-133\" src=\"https:\/\/boutique.consultenfant.fr\/wp-content\/uploads\/2020\/04\/personnamlisation-300x300.png\" alt=\"\" width=\"145\" height=\"145\" srcset=\"https:\/\/boutique.consultenfant.fr\/wp-content\/uploads\/2020\/04\/personnamlisation-300x300.png 300w, https:\/\/boutique.consultenfant.fr\/wp-content\/uploads\/2020\/04\/personnamlisation-150x150.png 150w, https:\/\/boutique.consultenfant.fr\/wp-content\/uploads\/2020\/04\/personnamlisation-768x768.png 768w, https:\/\/boutique.consultenfant.fr\/wp-content\/uploads\/2020\/04\/personnamlisation-324x324.png 324w, https:\/\/boutique.consultenfant.fr\/wp-content\/uploads\/2020\/04\/personnamlisation-416x416.png 416w, https:\/\/boutique.consultenfant.fr\/wp-content\/uploads\/2020\/04\/personnamlisation-100x100.png 100w, https:\/\/boutique.consultenfant.fr\/wp-content\/uploads\/2020\/04\/personnamlisation.png 801w\" sizes=\"auto, (max-width: 145px) 100vw, 145px\" \/><\/a><\/p>\n","protected":false},"excerpt":{"rendered":"<p>Am\u00e9liorer la qualit\u00e9 de l&rsquo;air dans les \u00e9tablissement d&rsquo;accueil du jeune enfant est une mission de sant\u00e9 publique !<\/p>\n","protected":false},"featured_media":126,"comment_status":"open","ping_status":"closed","template":"","meta":[],"product_brand":[],"product_cat":[31],"product_tag":[56,55,25,54],"class_list":{"0":"post-35","1":"product","2":"type-product","3":"status-publish","4":"has-post-thumbnail","6":"product_cat-ecologie","7":"product_tag-aeration","8":"product_tag-ecologie","9":"product_tag-maitrise-de-la-qualite-de-lair","10":"product_tag-qualite-de-lair","12":"first","13":"instock","14":"shipping-taxable","15":"purchasable","16":"product-type-simple"},"_links":{"self":[{"href":"https:\/\/boutique.consultenfant.fr\/index.php?rest_route=\/wp\/v2\/product\/35","targetHints":{"allow":["GET"]}}],"collection":[{"href":"https:\/\/boutique.consultenfant.fr\/index.php?rest_route=\/wp\/v2\/product"}],"about":[{"href":"https:\/\/boutique.consultenfant.fr\/index.php?rest_route=\/wp\/v2\/types\/product"}],"replies":[{"embeddable":true,"href":"https:\/\/boutique.consultenfant.fr\/index.php?rest_route=%2Fwp%2Fv2%2Fcomments&post=35"}],"wp:featuredmedia":[{"embeddable":true,"href":"https:\/\/boutique.consultenfant.fr\/index.php?rest_route=\/wp\/v2\/media\/126"}],"wp:attachment":[{"href":"https:\/\/boutique.consultenfant.fr\/index.php?rest_route=%2Fwp%2Fv2%2Fmedia&parent=35"}],"wp:term":[{"taxonomy":"product_brand","embeddable":true,"href":"https:\/\/boutique.consultenfant.fr\/index.php?rest_route=%2Fwp%2Fv2%2Fproduct_brand&post=35"},{"taxonomy":"product_cat","embeddable":true,"href":"https:\/\/boutique.consultenfant.fr\/index.php?rest_route=%2Fwp%2Fv2%2Fproduct_cat&post=35"},{"taxonomy":"product_tag","embeddable":true,"href":"https:\/\/boutique.consultenfant.fr\/index.php?rest_route=%2Fwp%2Fv2%2Fproduct_tag&post=35"}],"curies":[{"name":"wp","href":"https:\/\/api.w.org\/{rel}","templated":true}]}}