{"id":28,"date":"2020-04-14T15:08:49","date_gmt":"2020-04-14T13:08:49","guid":{"rendered":"http:\/\/boutique.consultenfant.fr\/?p=28"},"modified":"2021-03-13T18:31:52","modified_gmt":"2021-03-13T17:31:52","slug":"livret-des-stagiaires","status":"publish","type":"product","link":"https:\/\/boutique.consultenfant.fr\/?product=livret-des-stagiaires","title":{"rendered":"Livret des stagiaires"},"content":{"rendered":"<p>Parce qu&rsquo;il est important d&rsquo;accueillir convenablement ses stagiaires et d&rsquo;organiser leur venue, je vous propose un document \u00e0 compl\u00e9ter avec vos informations.<\/p>\n<p>Il reprenant les informations g\u00e9n\u00e9rales :<\/p>\n<ul>\n<li>sur vos locaux,<\/li>\n<li>sur les obligations du stagiaire,<\/li>\n<li>sur l&rsquo;accueil au quotidien des enfants : hygi\u00e8ne, s\u00e9curit\u00e9, alimentation et bien \u00eatre des enfants.<\/li>\n<\/ul>\n<p>Pour un document personnalis\u00e9 \u00e0 votre structure, pensez \u00e0 compl\u00e9ter la commande avec l&rsquo;option personnalisation.<a href=\"https:\/\/boutique.consultenfant.fr\/?product=personnalisation\" target=\"_blank\" rel=\"noopener noreferrer\"><img loading=\"lazy\" decoding=\"async\" class=\"aligncenter wp-image-133\" src=\"https:\/\/boutique.consultenfant.fr\/wp-content\/uploads\/2020\/04\/personnamlisation-300x300.png\" alt=\"\" width=\"145\" height=\"145\" srcset=\"https:\/\/boutique.consultenfant.fr\/wp-content\/uploads\/2020\/04\/personnamlisation-300x300.png 300w, https:\/\/boutique.consultenfant.fr\/wp-content\/uploads\/2020\/04\/personnamlisation-150x150.png 150w, https:\/\/boutique.consultenfant.fr\/wp-content\/uploads\/2020\/04\/personnamlisation-768x768.png 768w, https:\/\/boutique.consultenfant.fr\/wp-content\/uploads\/2020\/04\/personnamlisation-324x324.png 324w, https:\/\/boutique.consultenfant.fr\/wp-content\/uploads\/2020\/04\/personnamlisation-416x416.png 416w, https:\/\/boutique.consultenfant.fr\/wp-content\/uploads\/2020\/04\/personnamlisation-100x100.png 100w, https:\/\/boutique.consultenfant.fr\/wp-content\/uploads\/2020\/04\/personnamlisation.png 801w\" sizes=\"auto, (max-width: 145px) 100vw, 145px\" \/><\/a><\/p>\n","protected":false},"excerpt":{"rendered":"<p>Document complet pour vous assurer d&rsquo;un accueil et vos stagiaires.<\/p>\n","protected":false},"featured_media":125,"comment_status":"open","ping_status":"closed","template":"","meta":[],"product_brand":[],"product_cat":[38],"product_tag":[52,35,53],"class_list":{"0":"post-28","1":"product","2":"type-product","3":"status-publish","4":"has-post-thumbnail","6":"product_cat-equipe","7":"product_tag-accueil-stagiaire","8":"product_tag-livret-des-stagiaires","9":"product_tag-stage-creche","11":"first","12":"instock","13":"shipping-taxable","14":"purchasable","15":"product-type-simple"},"_links":{"self":[{"href":"https:\/\/boutique.consultenfant.fr\/index.php?rest_route=\/wp\/v2\/product\/28","targetHints":{"allow":["GET"]}}],"collection":[{"href":"https:\/\/boutique.consultenfant.fr\/index.php?rest_route=\/wp\/v2\/product"}],"about":[{"href":"https:\/\/boutique.consultenfant.fr\/index.php?rest_route=\/wp\/v2\/types\/product"}],"replies":[{"embeddable":true,"href":"https:\/\/boutique.consultenfant.fr\/index.php?rest_route=%2Fwp%2Fv2%2Fcomments&post=28"}],"wp:featuredmedia":[{"embeddable":true,"href":"https:\/\/boutique.consultenfant.fr\/index.php?rest_route=\/wp\/v2\/media\/125"}],"wp:attachment":[{"href":"https:\/\/boutique.consultenfant.fr\/index.php?rest_route=%2Fwp%2Fv2%2Fmedia&parent=28"}],"wp:term":[{"taxonomy":"product_brand","embeddable":true,"href":"https:\/\/boutique.consultenfant.fr\/index.php?rest_route=%2Fwp%2Fv2%2Fproduct_brand&post=28"},{"taxonomy":"product_cat","embeddable":true,"href":"https:\/\/boutique.consultenfant.fr\/index.php?rest_route=%2Fwp%2Fv2%2Fproduct_cat&post=28"},{"taxonomy":"product_tag","embeddable":true,"href":"https:\/\/boutique.consultenfant.fr\/index.php?rest_route=%2Fwp%2Fv2%2Fproduct_tag&post=28"}],"curies":[{"name":"wp","href":"https:\/\/api.w.org\/{rel}","templated":true}]}}