{"id":27,"date":"2020-04-14T15:08:49","date_gmt":"2020-04-14T13:08:49","guid":{"rendered":"http:\/\/boutique.consultenfant.fr\/?p=27"},"modified":"2021-02-03T13:14:05","modified_gmt":"2021-02-03T12:14:05","slug":"protocoles","status":"publish","type":"product","link":"https:\/\/boutique.consultenfant.fr\/?product=protocoles","title":{"rendered":"Pack protocoles (+ de 20)"},"content":{"rendered":"<p>Ce pack comprend deux parties :<\/p>\n<ul>\n<li>Les protocoles r\u00e9dig\u00e9s<\/li>\n<li>Des affiches pour la plupart des protocoles<\/li>\n<\/ul>\n<p>Les protocoles compris dans le pack sont :<\/p>\n<ul>\n<li>La pr\u00e9paration des biberons,<\/li>\n<li>La pr\u00e9paration des biberons de lait maternel,<\/li>\n<li>La gestion du sommeil,<\/li>\n<li>Le lavage des mains,<\/li>\n<li>La pharmacie,<\/li>\n<li>la gestion des d\u00e9chets,<\/li>\n<li>La pr\u00e9paration des repas en liaison froide (four et micro onde),<\/li>\n<li>La pr\u00e9paration des repas lorsque le parent ram\u00e8ne le plat de son enfant,<\/li>\n<li>La gestion de la fi\u00e8vre<\/li>\n<li>La pr\u00e9vention de la mort inattendue du nourrisson,<\/li>\n<li>L\u2019hygi\u00e8ne des professionnels,<\/li>\n<li>L\u2019hygi\u00e8ne des enfants,<\/li>\n<li>L\u2019hygi\u00e8ne de la structure,<\/li>\n<li>L\u2019hygi\u00e8ne des jeux,<\/li>\n<li>Le change,<\/li>\n<li>L&rsquo;entretien du linge,<\/li>\n<li>Le suivi du poids,<\/li>\n<li>L&rsquo;accueil des stagiaires,<\/li>\n<li>Les transmissions,<\/li>\n<li>L&rsquo;accueil d&rsquo;un intervenant ext\u00e9rieur,<\/li>\n<li>Comment s&rsquo;adresser aux enfants?<\/li>\n<li>Gestion d&rsquo;une \u00e9pid\u00e9mie.<\/li>\n<\/ul>\n<p>Les affiches gratuites vous sont \u00e9galement fournies.<\/p>\n<p>Pour un document personnalis\u00e9 \u00e0 votre structure, pensez \u00e0 compl\u00e9ter la commande avec l&rsquo;option personnalisation.<a href=\"https:\/\/boutique.consultenfant.fr\/?product=personnalisation\" target=\"_blank\" rel=\"noopener noreferrer\"><img loading=\"lazy\" decoding=\"async\" class=\"aligncenter wp-image-133\" src=\"https:\/\/boutique.consultenfant.fr\/wp-content\/uploads\/2020\/04\/personnamlisation-300x300.png\" alt=\"\" width=\"145\" height=\"145\" srcset=\"https:\/\/boutique.consultenfant.fr\/wp-content\/uploads\/2020\/04\/personnamlisation-300x300.png 300w, https:\/\/boutique.consultenfant.fr\/wp-content\/uploads\/2020\/04\/personnamlisation-150x150.png 150w, https:\/\/boutique.consultenfant.fr\/wp-content\/uploads\/2020\/04\/personnamlisation-768x768.png 768w, https:\/\/boutique.consultenfant.fr\/wp-content\/uploads\/2020\/04\/personnamlisation-324x324.png 324w, https:\/\/boutique.consultenfant.fr\/wp-content\/uploads\/2020\/04\/personnamlisation-416x416.png 416w, https:\/\/boutique.consultenfant.fr\/wp-content\/uploads\/2020\/04\/personnamlisation-100x100.png 100w, https:\/\/boutique.consultenfant.fr\/wp-content\/uploads\/2020\/04\/personnamlisation.png 801w\" sizes=\"auto, (max-width: 145px) 100vw, 145px\" \/><\/a><\/p>\n","protected":false},"excerpt":{"rendered":"<hr \/>\n<p>Plus de 20 protocoles pour garantir la s\u00e9curit\u00e9 et le bien \u00eatre des enfants.<\/p>\n","protected":false},"featured_media":136,"comment_status":"open","ping_status":"closed","template":"","meta":[],"product_brand":[],"product_cat":[38],"product_tag":[78,79,36,77],"class_list":{"0":"post-27","1":"product","2":"type-product","3":"status-publish","4":"has-post-thumbnail","6":"product_cat-equipe","7":"product_tag-hygiene","8":"product_tag-protocole-creche","9":"product_tag-protocoles","10":"product_tag-securite","12":"first","13":"instock","14":"shipping-taxable","15":"purchasable","16":"product-type-simple"},"_links":{"self":[{"href":"https:\/\/boutique.consultenfant.fr\/index.php?rest_route=\/wp\/v2\/product\/27","targetHints":{"allow":["GET"]}}],"collection":[{"href":"https:\/\/boutique.consultenfant.fr\/index.php?rest_route=\/wp\/v2\/product"}],"about":[{"href":"https:\/\/boutique.consultenfant.fr\/index.php?rest_route=\/wp\/v2\/types\/product"}],"replies":[{"embeddable":true,"href":"https:\/\/boutique.consultenfant.fr\/index.php?rest_route=%2Fwp%2Fv2%2Fcomments&post=27"}],"wp:featuredmedia":[{"embeddable":true,"href":"https:\/\/boutique.consultenfant.fr\/index.php?rest_route=\/wp\/v2\/media\/136"}],"wp:attachment":[{"href":"https:\/\/boutique.consultenfant.fr\/index.php?rest_route=%2Fwp%2Fv2%2Fmedia&parent=27"}],"wp:term":[{"taxonomy":"product_brand","embeddable":true,"href":"https:\/\/boutique.consultenfant.fr\/index.php?rest_route=%2Fwp%2Fv2%2Fproduct_brand&post=27"},{"taxonomy":"product_cat","embeddable":true,"href":"https:\/\/boutique.consultenfant.fr\/index.php?rest_route=%2Fwp%2Fv2%2Fproduct_cat&post=27"},{"taxonomy":"product_tag","embeddable":true,"href":"https:\/\/boutique.consultenfant.fr\/index.php?rest_route=%2Fwp%2Fv2%2Fproduct_tag&post=27"}],"curies":[{"name":"wp","href":"https:\/\/api.w.org\/{rel}","templated":true}]}}