{"id":26,"date":"2020-04-14T15:08:49","date_gmt":"2020-04-14T13:08:49","guid":{"rendered":"http:\/\/boutique.consultenfant.fr\/?p=26"},"modified":"2023-09-04T14:12:22","modified_gmt":"2023-09-04T12:12:22","slug":"ouverture-micro-creche","status":"publish","type":"product","link":"https:\/\/boutique.consultenfant.fr\/?product=ouverture-micro-creche","title":{"rendered":"Ouverture micro cr\u00e8che"},"content":{"rendered":"<p>Ouvrir une micro cr\u00e8che est une sacr\u00e9 aventure.<\/p>\n<p>Ce pack est compos\u00e9 :<\/p>\n<p>(Cliquez sur le nom pour avoir le d\u00e9tail du produit)<\/p>\n<ul>\n<li><a href=\"https:\/\/boutique.consultenfant.fr\/?product=protocoles\" target=\"_blank\" rel=\"noopener noreferrer\">Pack protocoles<\/a>, comprenant les nouveaux protocoles obligatoires,<\/li>\n<li><a href=\"https:\/\/boutique.consultenfant.fr\/?product=pms\" target=\"_blank\" rel=\"noopener noreferrer\">Plan de ma\u00eetrise sanitaire<\/a>,<\/li>\n<li><a href=\"https:\/\/boutique.consultenfant.fr\/?product=reglement-interieure\" target=\"_blank\" rel=\"noopener noreferrer\">R\u00e8glement int\u00e9rieur<\/a>,<\/li>\n<li><a href=\"https:\/\/boutique.consultenfant.fr\/?product=gestion-de-lurgence\" target=\"_blank\" rel=\"noopener noreferrer\">La gestion de l&rsquo;urgence.<\/a><\/li>\n<\/ul>\n<p>Pour un document personnalis\u00e9 \u00e0 votre structure, pensez \u00e0 compl\u00e9ter la commande avec l&rsquo;option personnalisation.<a href=\"https:\/\/boutique.consultenfant.fr\/?product=personnalisation\" target=\"_blank\" rel=\"noopener noreferrer\"><img loading=\"lazy\" decoding=\"async\" class=\"aligncenter wp-image-133\" src=\"https:\/\/boutique.consultenfant.fr\/wp-content\/uploads\/2020\/04\/personnamlisation-300x300.png\" alt=\"\" width=\"145\" height=\"145\" srcset=\"https:\/\/boutique.consultenfant.fr\/wp-content\/uploads\/2020\/04\/personnamlisation-300x300.png 300w, https:\/\/boutique.consultenfant.fr\/wp-content\/uploads\/2020\/04\/personnamlisation-150x150.png 150w, https:\/\/boutique.consultenfant.fr\/wp-content\/uploads\/2020\/04\/personnamlisation-768x768.png 768w, https:\/\/boutique.consultenfant.fr\/wp-content\/uploads\/2020\/04\/personnamlisation-324x324.png 324w, https:\/\/boutique.consultenfant.fr\/wp-content\/uploads\/2020\/04\/personnamlisation-416x416.png 416w, https:\/\/boutique.consultenfant.fr\/wp-content\/uploads\/2020\/04\/personnamlisation-100x100.png 100w, https:\/\/boutique.consultenfant.fr\/wp-content\/uploads\/2020\/04\/personnamlisation.png 801w\" sizes=\"auto, (max-width: 145px) 100vw, 145px\" \/><\/a><\/p>\n","protected":false},"excerpt":{"rendered":"<p>Pack compos\u00e9 de 4 \u00e9l\u00e9ments pour anticiper votre visite de conformit\u00e9 de la PMI et mettre toutes les chances de votre cot\u00e9.<\/p>\n","protected":false},"featured_media":137,"comment_status":"open","ping_status":"closed","template":"","meta":[],"product_brand":[],"product_cat":[38],"product_tag":[37,80],"class_list":{"0":"post-26","1":"product","2":"type-product","3":"status-publish","4":"has-post-thumbnail","6":"product_cat-equipe","7":"product_tag-ouverture-micro-creche","8":"product_tag-visite-de-conformite-pmi","10":"first","11":"instock","12":"sale","13":"shipping-taxable","14":"purchasable","15":"product-type-simple"},"_links":{"self":[{"href":"https:\/\/boutique.consultenfant.fr\/index.php?rest_route=\/wp\/v2\/product\/26","targetHints":{"allow":["GET"]}}],"collection":[{"href":"https:\/\/boutique.consultenfant.fr\/index.php?rest_route=\/wp\/v2\/product"}],"about":[{"href":"https:\/\/boutique.consultenfant.fr\/index.php?rest_route=\/wp\/v2\/types\/product"}],"replies":[{"embeddable":true,"href":"https:\/\/boutique.consultenfant.fr\/index.php?rest_route=%2Fwp%2Fv2%2Fcomments&post=26"}],"wp:featuredmedia":[{"embeddable":true,"href":"https:\/\/boutique.consultenfant.fr\/index.php?rest_route=\/wp\/v2\/media\/137"}],"wp:attachment":[{"href":"https:\/\/boutique.consultenfant.fr\/index.php?rest_route=%2Fwp%2Fv2%2Fmedia&parent=26"}],"wp:term":[{"taxonomy":"product_brand","embeddable":true,"href":"https:\/\/boutique.consultenfant.fr\/index.php?rest_route=%2Fwp%2Fv2%2Fproduct_brand&post=26"},{"taxonomy":"product_cat","embeddable":true,"href":"https:\/\/boutique.consultenfant.fr\/index.php?rest_route=%2Fwp%2Fv2%2Fproduct_cat&post=26"},{"taxonomy":"product_tag","embeddable":true,"href":"https:\/\/boutique.consultenfant.fr\/index.php?rest_route=%2Fwp%2Fv2%2Fproduct_tag&post=26"}],"curies":[{"name":"wp","href":"https:\/\/api.w.org\/{rel}","templated":true}]}}