{"id":254,"date":"2020-04-21T09:40:30","date_gmt":"2020-04-21T07:40:30","guid":{"rendered":"https:\/\/boutique.consultenfant.fr\/?post_type=product&#038;p=254"},"modified":"2020-08-03T09:32:05","modified_gmt":"2020-08-03T07:32:05","slug":"pack-de-12-fascicules","status":"publish","type":"product","link":"https:\/\/boutique.consultenfant.fr\/?product=pack-de-12-fascicules","title":{"rendered":"Pack de 12 fascicules"},"content":{"rendered":"<p>Les fascicules sont \u00e0 destination des parents, ils sont faits pour vous, pour parler de th\u00e8mes qui vous concernent afin de vous accompagner dans vos questionnements et probl\u00e9matiques li\u00e9s \u00e0 la petite enfance.<\/p>\n<p>Vous pouvez choisir 12 th\u00e8mes dans la liste ci dessous ou me faire part de vos envies.<\/p>\n<p>Je vous transf\u00e8re ensuite par mail vos fascicules.<\/p>\n<ul>\n<li>Les repas types<\/li>\n<li>Les \u00e9tiquettes<\/li>\n<li>La reprise pour une maman qui allaite<\/li>\n<li>\u00c9laborer un menu<\/li>\n<li>Le printemps<\/li>\n<li>Les morsures<\/li>\n<li>L\u2019automne<\/li>\n<li>F\u00eate des fruits et l\u00e9gumes frais<\/li>\n<li>Partir en vacances en s\u00e9curit\u00e9<\/li>\n<li>Pr\u00e9vention solaire<\/li>\n<li>Les dents de lait<\/li>\n<li>Les chutes<\/li>\n<li>Les accidents domestiques<\/li>\n<li>L\u2019eau<\/li>\n<li>Le rangement des courses<\/li>\n<li>Le rhume<\/li>\n<li>Le lait<\/li>\n<li>La varicelle<\/li>\n<li>La fi\u00e8vre<\/li>\n<li>Le sommeil<\/li>\n<li>Comptines autour des fruits et l\u00e9gumes<\/li>\n<li>Les \u00e9crans<\/li>\n<li>L\u2019int\u00e9r\u00eat des livres<\/li>\n<li>Les jeux n\u2019ont pas de genre<\/li>\n<li>Les gestes de premiers secours (\u00e0 destination des professionnels)<\/li>\n<li>La gastro-ent\u00e9rite<\/li>\n<li>L\u2019\u00e9cole<\/li>\n<li>Le bien \u00eatre<\/li>\n<li>Le sucre<\/li>\n<li>Les \u00e9motions<\/li>\n<li>La nature et l\u2019\u00e9veil des sens<\/li>\n<li>Noel<\/li>\n<li>Pr\u00e9parer Noel<\/li>\n<li>Le risque d\u2019\u00e9touffement<\/li>\n<li>La vaccination<\/li>\n<li>La psychomotricit\u00e9<\/li>\n<li>La motricit\u00e9 libre<\/li>\n<li>La langue des signes adapt\u00e9e \u00e0 b\u00e9b\u00e9<\/li>\n<li>\u00c0 la cr\u00e8che<\/li>\n<li>Le d\u00e9c\u00e8s d\u2019un proche<\/li>\n<li>Le pot<\/li>\n<\/ul>\n<p>Pour un document personnalis\u00e9 \u00e0 votre structure, pensez \u00e0 compl\u00e9ter la commande avec l&rsquo;option personnalisation.<a href=\"https:\/\/boutique.consultenfant.fr\/?product=personnalisation\" target=\"_blank\" rel=\"noopener noreferrer\"><img loading=\"lazy\" decoding=\"async\" class=\"aligncenter wp-image-133\" src=\"https:\/\/boutique.consultenfant.fr\/wp-content\/uploads\/2020\/04\/personnamlisation-300x300.png\" alt=\"\" width=\"145\" height=\"145\" srcset=\"https:\/\/boutique.consultenfant.fr\/wp-content\/uploads\/2020\/04\/personnamlisation-300x300.png 300w, https:\/\/boutique.consultenfant.fr\/wp-content\/uploads\/2020\/04\/personnamlisation-150x150.png 150w, https:\/\/boutique.consultenfant.fr\/wp-content\/uploads\/2020\/04\/personnamlisation-768x768.png 768w, https:\/\/boutique.consultenfant.fr\/wp-content\/uploads\/2020\/04\/personnamlisation-324x324.png 324w, https:\/\/boutique.consultenfant.fr\/wp-content\/uploads\/2020\/04\/personnamlisation-416x416.png 416w, https:\/\/boutique.consultenfant.fr\/wp-content\/uploads\/2020\/04\/personnamlisation-100x100.png 100w, https:\/\/boutique.consultenfant.fr\/wp-content\/uploads\/2020\/04\/personnamlisation.png 801w\" sizes=\"auto, (max-width: 145px) 100vw, 145px\" \/><\/a><\/p>\n","protected":false},"excerpt":{"rendered":"<p>Pack de 12 protocoles \u00e0 destination des parents.<\/p>\n","protected":false},"featured_media":255,"comment_status":"open","ping_status":"closed","template":"","meta":[],"product_brand":[],"product_cat":[30],"product_tag":[],"class_list":{"0":"post-254","1":"product","2":"type-product","3":"status-publish","4":"has-post-thumbnail","6":"product_cat-pack","8":"first","9":"instock","10":"shipping-taxable","11":"purchasable","12":"product-type-simple"},"_links":{"self":[{"href":"https:\/\/boutique.consultenfant.fr\/index.php?rest_route=\/wp\/v2\/product\/254","targetHints":{"allow":["GET"]}}],"collection":[{"href":"https:\/\/boutique.consultenfant.fr\/index.php?rest_route=\/wp\/v2\/product"}],"about":[{"href":"https:\/\/boutique.consultenfant.fr\/index.php?rest_route=\/wp\/v2\/types\/product"}],"replies":[{"embeddable":true,"href":"https:\/\/boutique.consultenfant.fr\/index.php?rest_route=%2Fwp%2Fv2%2Fcomments&post=254"}],"wp:featuredmedia":[{"embeddable":true,"href":"https:\/\/boutique.consultenfant.fr\/index.php?rest_route=\/wp\/v2\/media\/255"}],"wp:attachment":[{"href":"https:\/\/boutique.consultenfant.fr\/index.php?rest_route=%2Fwp%2Fv2%2Fmedia&parent=254"}],"wp:term":[{"taxonomy":"product_brand","embeddable":true,"href":"https:\/\/boutique.consultenfant.fr\/index.php?rest_route=%2Fwp%2Fv2%2Fproduct_brand&post=254"},{"taxonomy":"product_cat","embeddable":true,"href":"https:\/\/boutique.consultenfant.fr\/index.php?rest_route=%2Fwp%2Fv2%2Fproduct_cat&post=254"},{"taxonomy":"product_tag","embeddable":true,"href":"https:\/\/boutique.consultenfant.fr\/index.php?rest_route=%2Fwp%2Fv2%2Fproduct_tag&post=254"}],"curies":[{"name":"wp","href":"https:\/\/api.w.org\/{rel}","templated":true}]}}