{"id":190,"date":"2020-04-19T10:29:20","date_gmt":"2020-04-19T08:29:20","guid":{"rendered":"https:\/\/boutique.consultenfant.fr\/?post_type=product&#038;p=190"},"modified":"2025-07-10T16:00:31","modified_gmt":"2025-07-10T14:00:31","slug":"gerer-la-chaleur-en-creche","status":"publish","type":"product","link":"https:\/\/boutique.consultenfant.fr\/?product=gerer-la-chaleur-en-creche","title":{"rendered":"Affiche \u00ab\u00a0g\u00e9rer la chaleur en cr\u00e8che\u00a0\u00bb"},"content":{"rendered":"<p><span id=\"fbPhotoSnowliftCaption\" class=\"fbPhotosPhotoCaption\" tabindex=\"0\" aria-live=\"polite\" data-ft=\"{&quot;tn&quot;:&quot;K&quot;}\"><span class=\"hasCaption\">Parce que les enfants souffrent rapidement de d\u00e9shydratation et que cela est dangereux pour eux. Je vous propose une affiche reprenant quelques recommandations \u00e0 mettre en oeuvre pour les prot\u00e9ger lors de forte chaleur.<\/span><\/span><\/p>\n<p>La d\u00e9shydratation peut \u00eatre mortelle et la gestion de la chaleur doit \u00eatre prise au s\u00e9rieux et organis\u00e9e !<\/p>\n<div id=\"fbPhotoSnowliftProductMiniListHscroll\" class=\"fbCommerceProductMiniListHscroll\"><\/div>\n","protected":false},"excerpt":{"rendered":"<p>Affiche \u00ab\u00a0g\u00e9rer la chaleur en micro cr\u00e8che\u00a0\u00bb<\/p>\n<p>Les affiches sont t\u00e9l\u00e9chargeables et ne sont pas envoy\u00e9es.<\/p>\n<p>Non personnalisable<\/p>\n<p>Tout droit r\u00e9serv\u00e9 @consultenfant<\/p>\n","protected":false},"featured_media":1045,"comment_status":"open","ping_status":"closed","template":"","meta":[],"product_brand":[],"product_cat":[29],"product_tag":[74,73,72,46,63],"class_list":{"0":"post-190","1":"product","2":"type-product","3":"status-publish","4":"has-post-thumbnail","6":"product_cat-sante","7":"product_tag-affiche","8":"product_tag-chaleur","9":"product_tag-deshydratation","10":"product_tag-prevention","11":"product_tag-sante-publique","13":"first","14":"instock","15":"downloadable","16":"virtual","17":"purchasable","18":"product-type-simple"},"_links":{"self":[{"href":"https:\/\/boutique.consultenfant.fr\/index.php?rest_route=\/wp\/v2\/product\/190","targetHints":{"allow":["GET"]}}],"collection":[{"href":"https:\/\/boutique.consultenfant.fr\/index.php?rest_route=\/wp\/v2\/product"}],"about":[{"href":"https:\/\/boutique.consultenfant.fr\/index.php?rest_route=\/wp\/v2\/types\/product"}],"replies":[{"embeddable":true,"href":"https:\/\/boutique.consultenfant.fr\/index.php?rest_route=%2Fwp%2Fv2%2Fcomments&post=190"}],"wp:featuredmedia":[{"embeddable":true,"href":"https:\/\/boutique.consultenfant.fr\/index.php?rest_route=\/wp\/v2\/media\/1045"}],"wp:attachment":[{"href":"https:\/\/boutique.consultenfant.fr\/index.php?rest_route=%2Fwp%2Fv2%2Fmedia&parent=190"}],"wp:term":[{"taxonomy":"product_brand","embeddable":true,"href":"https:\/\/boutique.consultenfant.fr\/index.php?rest_route=%2Fwp%2Fv2%2Fproduct_brand&post=190"},{"taxonomy":"product_cat","embeddable":true,"href":"https:\/\/boutique.consultenfant.fr\/index.php?rest_route=%2Fwp%2Fv2%2Fproduct_cat&post=190"},{"taxonomy":"product_tag","embeddable":true,"href":"https:\/\/boutique.consultenfant.fr\/index.php?rest_route=%2Fwp%2Fv2%2Fproduct_tag&post=190"}],"curies":[{"name":"wp","href":"https:\/\/api.w.org\/{rel}","templated":true}]}}