{"id":184,"date":"2020-04-19T10:15:33","date_gmt":"2020-04-19T08:15:33","guid":{"rendered":"https:\/\/boutique.consultenfant.fr\/?post_type=product&#038;p=184"},"modified":"2025-03-11T17:49:27","modified_gmt":"2025-03-11T16:49:27","slug":"affiche-prevention-des-accidents-domestiques","status":"publish","type":"product","link":"https:\/\/boutique.consultenfant.fr\/?product=affiche-prevention-des-accidents-domestiques","title":{"rendered":"Affiche \u00ab\u00a0pr\u00e9vention des accidents domestiques\u00a0\u00bb"},"content":{"rendered":"<p>Je vous propose une nouvelle affiche concernant la pr\u00e9vention des accidents domestiques.<\/p>\r\n<!-- \/wp:post-content -->\r\n\r\n<!-- wp:paragraph -->\r\n<p>En effet, 2000 enfants de 0 \u00e0 6 ans sont victimes chaque jour d&rsquo;accidents domestiques.<\/p>\r\n<!-- \/wp:paragraph -->\r\n\r\n<!-- wp:paragraph -->\r\n<p>Un enfant grandit vite ! Il faut \u00eatre vigilent constamment !<\/p>\r\n<!-- \/wp:paragraph -->\r\n\r\n<!-- wp:paragraph -->\r\n<p>Salle de bain, salon, cuisine chambre&#8230;toutes les pi\u00e8ces sont concern\u00e9es.<\/p>","protected":false},"excerpt":{"rendered":"<p>Affiche \u00ab\u00a0pr\u00e9vention des accidents domestiques\u00a0\u00bb<\/p>\n<p>Les affiches sont t\u00e9l\u00e9chargeables et ne sont pas envoy\u00e9es.<\/p>\n<p>Non personnalisable<\/p>\n<p>Tout droit r\u00e9serv\u00e9 @consultenfant<\/p>\n","protected":false},"featured_media":1031,"comment_status":"open","ping_status":"closed","template":"","meta":[],"product_brand":[],"product_cat":[28],"product_tag":[65,64,67,46,66,63],"class_list":{"0":"post-184","1":"product","2":"type-product","3":"status-publish","4":"has-post-thumbnail","6":"product_cat-securite","7":"product_tag-accidens-domestiques","8":"product_tag-accident-de-la-vie-courante","9":"product_tag-confinement","10":"product_tag-prevention","11":"product_tag-proteger-les-enfants","12":"product_tag-sante-publique","14":"first","15":"instock","16":"downloadable","17":"virtual","18":"purchasable","19":"product-type-simple"},"_links":{"self":[{"href":"https:\/\/boutique.consultenfant.fr\/index.php?rest_route=\/wp\/v2\/product\/184","targetHints":{"allow":["GET"]}}],"collection":[{"href":"https:\/\/boutique.consultenfant.fr\/index.php?rest_route=\/wp\/v2\/product"}],"about":[{"href":"https:\/\/boutique.consultenfant.fr\/index.php?rest_route=\/wp\/v2\/types\/product"}],"replies":[{"embeddable":true,"href":"https:\/\/boutique.consultenfant.fr\/index.php?rest_route=%2Fwp%2Fv2%2Fcomments&post=184"}],"wp:featuredmedia":[{"embeddable":true,"href":"https:\/\/boutique.consultenfant.fr\/index.php?rest_route=\/wp\/v2\/media\/1031"}],"wp:attachment":[{"href":"https:\/\/boutique.consultenfant.fr\/index.php?rest_route=%2Fwp%2Fv2%2Fmedia&parent=184"}],"wp:term":[{"taxonomy":"product_brand","embeddable":true,"href":"https:\/\/boutique.consultenfant.fr\/index.php?rest_route=%2Fwp%2Fv2%2Fproduct_brand&post=184"},{"taxonomy":"product_cat","embeddable":true,"href":"https:\/\/boutique.consultenfant.fr\/index.php?rest_route=%2Fwp%2Fv2%2Fproduct_cat&post=184"},{"taxonomy":"product_tag","embeddable":true,"href":"https:\/\/boutique.consultenfant.fr\/index.php?rest_route=%2Fwp%2Fv2%2Fproduct_tag&post=184"}],"curies":[{"name":"wp","href":"https:\/\/api.w.org\/{rel}","templated":true}]}}