{"id":1651,"date":"2025-01-12T11:01:25","date_gmt":"2025-01-12T10:01:25","guid":{"rendered":"https:\/\/boutique.consultenfant.fr\/?post_type=product&#038;p=1651"},"modified":"2025-03-11T17:38:14","modified_gmt":"2025-03-11T16:38:14","slug":"1651","status":"publish","type":"product","link":"https:\/\/boutique.consultenfant.fr\/?product=1651","title":{"rendered":"Affiche \u00a0\u00bb Prevention des maladies contagieuses en cr\u00e8che en 3 \u00e9tapes\u00a0\u00bb"},"content":{"rendered":"<p><strong>\ud83c\udf21\ufe0f Grippe et maladies contagieuses : ensemble, agissons pour limiter la propagation !<\/strong><\/p>\n<p>L&rsquo;\u00e9pid\u00e9mie de grippe bat son plein, touchant petits et grands, et rappelant l&rsquo;importance des gestes simples pour limiter la transmission des virus au quotidien. Que ce soit \u00e0 la maison, \u00e0 la cr\u00e8che ou ailleurs, chaque geste compte pour prot\u00e9ger les plus vuln\u00e9rables.<\/p>\n<p>C&rsquo;est pourquoi j&rsquo;ai con\u00e7u une affiche pratique, destin\u00e9e aux parents et aux professionnels, pour rappeler les essentiels de pr\u00e9vention :<br \/>\n\u2714\ufe0f <strong>Lavage des mains<\/strong> : Une barri\u00e8re efficace contre les microbes.<br \/>\n\u2714\ufe0f <strong>A\u00e9ration des espaces<\/strong> : Renouveler l&rsquo;air pour limiter la concentration des virus.<br \/>\n\u2714\ufe0f <strong>Hygi\u00e8ne des surfaces et locaux<\/strong> : Maintenir un environnement sain.<\/p>\n<p><strong>\ud83d\udc89 Et la vaccination contre la grippe ?<\/strong><br \/>\nSi elle ne figure pas sur l&rsquo;affiche, il est important de rappeler que la vaccination reste le moyen le plus efficace de se prot\u00e9ger soi-m\u00eame et de prot\u00e9ger les autres, en particulier les personnes vuln\u00e9rables (femmes enceintes, personnes \u00e2g\u00e9es, enfants atteints). de maladies chroniques). Parlez-en \u00e0 votre m\u00e9decin ou \u00e0 votre pharmacien, il n&rsquo;est jamais trop tard pour agir !<\/p>\n<p>\ud83d\udc49 Ensemble, faisons de la pr\u00e9vention notre priorit\u00e9 !<\/p>\n<p>&nbsp;<\/p>\n<p>Les affiches sont t\u00e9l\u00e9chargeables et ne sont pas envoy\u00e9es.<\/p>\n<p>Non personnalisable<\/p>\n<p>(Tout droit r\u00e9serv\u00e9 @consultenfant)<\/p>\n","protected":false},"excerpt":{"rendered":"<p>\ud83c\udf21\ufe0f Grippe et maladies contagieuses : ensemble, agissons pour limiter la propagation ! L&rsquo;\u00e9pid\u00e9mie de grippe bat son plein, touchant petits et grands, et rappelant l&rsquo;importance des gestes simples pour limiter la transmission des virus au quotidien. Que ce soit \u00e0 la maison, \u00e0 la cr\u00e8che ou ailleurs, chaque geste compte pour prot\u00e9ger les plus [&hellip;]<\/p>\n","protected":false},"featured_media":1655,"comment_status":"open","ping_status":"closed","template":"","meta":[],"product_brand":[],"product_cat":[107,38,27,29],"product_tag":[70,125,110,122,93,124,123,85],"class_list":{"0":"post-1651","1":"product","2":"type-product","3":"status-publish","4":"has-post-thumbnail","6":"product_cat-affiche","7":"product_cat-equipe","8":"product_cat-hygiene","9":"product_cat-sante","10":"product_tag-accueil-en-creche","11":"product_tag-aeration-creche","12":"product_tag-affiche-consultenfant","13":"product_tag-affiche-prevention-creche","14":"product_tag-epidemie","15":"product_tag-hygiene-creche","16":"product_tag-prevention-maladie-contagieuse","17":"product_tag-professionnel-de-la-petite-enfance","19":"first","20":"instock","21":"downloadable","22":"virtual","23":"purchasable","24":"product-type-simple"},"_links":{"self":[{"href":"https:\/\/boutique.consultenfant.fr\/index.php?rest_route=\/wp\/v2\/product\/1651","targetHints":{"allow":["GET"]}}],"collection":[{"href":"https:\/\/boutique.consultenfant.fr\/index.php?rest_route=\/wp\/v2\/product"}],"about":[{"href":"https:\/\/boutique.consultenfant.fr\/index.php?rest_route=\/wp\/v2\/types\/product"}],"replies":[{"embeddable":true,"href":"https:\/\/boutique.consultenfant.fr\/index.php?rest_route=%2Fwp%2Fv2%2Fcomments&post=1651"}],"wp:featuredmedia":[{"embeddable":true,"href":"https:\/\/boutique.consultenfant.fr\/index.php?rest_route=\/wp\/v2\/media\/1655"}],"wp:attachment":[{"href":"https:\/\/boutique.consultenfant.fr\/index.php?rest_route=%2Fwp%2Fv2%2Fmedia&parent=1651"}],"wp:term":[{"taxonomy":"product_brand","embeddable":true,"href":"https:\/\/boutique.consultenfant.fr\/index.php?rest_route=%2Fwp%2Fv2%2Fproduct_brand&post=1651"},{"taxonomy":"product_cat","embeddable":true,"href":"https:\/\/boutique.consultenfant.fr\/index.php?rest_route=%2Fwp%2Fv2%2Fproduct_cat&post=1651"},{"taxonomy":"product_tag","embeddable":true,"href":"https:\/\/boutique.consultenfant.fr\/index.php?rest_route=%2Fwp%2Fv2%2Fproduct_tag&post=1651"}],"curies":[{"name":"wp","href":"https:\/\/api.w.org\/{rel}","templated":true}]}}