{"id":1523,"date":"2024-09-25T09:10:59","date_gmt":"2024-09-25T07:10:59","guid":{"rendered":"https:\/\/boutique.consultenfant.fr\/?post_type=product&#038;p=1523"},"modified":"2025-01-12T11:04:15","modified_gmt":"2025-01-12T10:04:15","slug":"evolution-des-recommandations-concernant-la-coquelcuhe","status":"publish","type":"product","link":"https:\/\/boutique.consultenfant.fr\/?product=evolution-des-recommandations-concernant-la-coquelcuhe","title":{"rendered":"Evolution des recommandations concernant la coquelcuhe"},"content":{"rendered":"<p>Vous retrouverez\u00a0 une affiche actualis\u00e9e pr\u00e9sentant les nouvelles recommandations publi\u00e9es en juillet 2024 concernant la coqueluche, une infection respiratoire grave, particuli\u00e8rement dangereuse pour les jeunes enfants.<\/p>\n<p>En tant que consultante sp\u00e9cialis\u00e9e en petite enfance, mon objectif est de sensibiliser les parents et les professionnels \u00e0 l\u2019importance de la pr\u00e9vention et de la vaccination.<\/p>\n<p>Elle s\u2019adresse aux professionnels de la petite enfance et aux familles, afin de comprendre ces recommandations en 3 volets : l&rsquo;entourage des nourrissons, les enfants, les professionnels de la la petite enfance.<\/p>\n<p>Vous pouvez la t\u00e9l\u00e9charger gratuitement.<\/p>\n<p>Les affiches ne sont pas envoy\u00e9es.<\/p>\n","protected":false},"excerpt":{"rendered":"<p>Vous retrouverez\u00a0 une affiche actualis\u00e9e pr\u00e9sentant les nouvelles recommandations publi\u00e9es en juillet 2024 concernant la coqueluche, une infection respiratoire grave, particuli\u00e8rement dangereuse pour les jeunes enfants. En tant que consultante sp\u00e9cialis\u00e9e en petite enfance, mon objectif est de sensibiliser les parents et les professionnels \u00e0 l\u2019importance de la pr\u00e9vention et de la vaccination. Elle s\u2019adresse [&hellip;]<\/p>\n","protected":false},"featured_media":1525,"comment_status":"open","ping_status":"closed","template":"","meta":[],"product_brand":[],"product_cat":[107,29],"product_tag":[122,119,120,109,121],"class_list":{"0":"post-1523","1":"product","2":"type-product","3":"status-publish","4":"has-post-thumbnail","6":"product_cat-affiche","7":"product_cat-sante","8":"product_tag-affiche-prevention-creche","9":"product_tag-coqueluche","10":"product_tag-coqueluche-creche","11":"product_tag-petite-enfance","12":"product_tag-prevention-coqueluche","14":"first","15":"instock","16":"downloadable","17":"virtual","18":"purchasable","19":"product-type-simple"},"_links":{"self":[{"href":"https:\/\/boutique.consultenfant.fr\/index.php?rest_route=\/wp\/v2\/product\/1523","targetHints":{"allow":["GET"]}}],"collection":[{"href":"https:\/\/boutique.consultenfant.fr\/index.php?rest_route=\/wp\/v2\/product"}],"about":[{"href":"https:\/\/boutique.consultenfant.fr\/index.php?rest_route=\/wp\/v2\/types\/product"}],"replies":[{"embeddable":true,"href":"https:\/\/boutique.consultenfant.fr\/index.php?rest_route=%2Fwp%2Fv2%2Fcomments&post=1523"}],"wp:featuredmedia":[{"embeddable":true,"href":"https:\/\/boutique.consultenfant.fr\/index.php?rest_route=\/wp\/v2\/media\/1525"}],"wp:attachment":[{"href":"https:\/\/boutique.consultenfant.fr\/index.php?rest_route=%2Fwp%2Fv2%2Fmedia&parent=1523"}],"wp:term":[{"taxonomy":"product_brand","embeddable":true,"href":"https:\/\/boutique.consultenfant.fr\/index.php?rest_route=%2Fwp%2Fv2%2Fproduct_brand&post=1523"},{"taxonomy":"product_cat","embeddable":true,"href":"https:\/\/boutique.consultenfant.fr\/index.php?rest_route=%2Fwp%2Fv2%2Fproduct_cat&post=1523"},{"taxonomy":"product_tag","embeddable":true,"href":"https:\/\/boutique.consultenfant.fr\/index.php?rest_route=%2Fwp%2Fv2%2Fproduct_tag&post=1523"}],"curies":[{"name":"wp","href":"https:\/\/api.w.org\/{rel}","templated":true}]}}