{"id":3,"date":"2020-04-14T14:51:00","date_gmt":"2020-04-14T12:51:00","guid":{"rendered":"http:\/\/boutique.consultenfant.fr\/?page_id=3"},"modified":"2024-06-14T16:58:45","modified_gmt":"2024-06-14T14:58:45","slug":"politique-de-confidentialite","status":"publish","type":"page","link":"https:\/\/boutique.consultenfant.fr\/?page_id=3","title":{"rendered":"Politique de confidentialit\u00e9"},"content":{"rendered":"\n<p>Bienvenue sur <a href=\"http:\/\/www.consultenfant.fr\">www.consultenfant.fr<\/a>. Nous nous engageons \u00e0 prot\u00e9ger et \u00e0 respecter votre vie priv\u00e9e. Cette politique de confidentialit\u00e9 explique comment nous collectons, utilisons, divulguons et prot\u00e9geons vos informations personnelles.<\/p>\n\n\n\n<h2 class=\"wp-block-heading\">Qui sommes-nous&nbsp;?<\/h2>\n\n\n\n<p>L\u2019adresse de notre site Web est&nbsp;: http:\/\/boutique.consultenfant.fr.<\/p>\n\n\n\n<h2 class=\"wp-block-heading\">Utilisation des donn\u00e9es personnelles collect\u00e9es<\/h2>\n\n\n\n<p>Les informations recueillies sur ce formulaire sont enregistr\u00e9es dans un fichier informatis\u00e9 par<strong> ConsultEnfant <\/strong>et ne sont pas transmis \u00e0 des tiers.<\/p>\n\n\n\n<p>Nous ne vendons, n&rsquo;\u00e9changeons ni ne louons vos informations personnelles \u00e0 des tiers.<\/p>\n\n\n\n<h3 class=\"wp-block-heading\">Utilisation des Informations<\/h3>\n\n\n\n<p>Les informations collect\u00e9es sont utilis\u00e9es pour :<\/p>\n\n\n\n<ul class=\"wp-block-list\">\n<li>Fournir et maintenir nos services.<\/li>\n\n\n\n<li>G\u00e9rer votre compte et vos commandes.<\/li>\n\n\n\n<li>Am\u00e9liorer notre site et nos services.<\/li>\n\n\n\n<li>Vous contacter pour des mises \u00e0 jour, offres sp\u00e9ciales ou autres informations pertinentes.<\/li>\n\n\n\n<li>Se conformer aux obligations l\u00e9gales.<\/li>\n<\/ul>\n\n\n\n<p>Pour exercer ces droits ou pour toute question sur le traitement de vos donn\u00e9es dans ce dispositif, vous pouvez contacter\u00a0<strong>: <\/strong>contact@consultenfant.fr<\/p>\n\n\n\n<h3 class=\"wp-block-heading\">Commentaires<\/h3>\n\n\n\n<p>Quand vous laissez un commentaire sur notre site web, les donn\u00e9es inscrites dans le formulaire de commentaire, mais aussi votre adresse IP et l\u2019agent utilisateur de votre navigateur sont collect\u00e9s pour nous aider \u00e0 la d\u00e9tection des commentaires ind\u00e9sirables.<\/p>\n\n\n\n<h3 class=\"wp-block-heading\">Formulaires de contact<\/h3>\n\n\n\n<h3 class=\"wp-block-heading\">Cookies<\/h3>\n\n\n\n<p>Si vous d\u00e9posez un commentaire sur notre site, il vous sera propos\u00e9 d\u2019enregistrer votre nom, adresse de messagerie et site web dans des cookies. C\u2019est uniquement pour votre confort afin de ne pas avoir \u00e0 saisir ces informations si vous d\u00e9posez un autre commentaire plus tard. Ces cookies expirent au bout d\u2019un an.<\/p>\n\n\n\n<p>Si vous vous rendez sur la page de connexion, un cookie temporaire sera cr\u00e9\u00e9 afin de d\u00e9terminer si votre navigateur accepte les cookies. Il ne contient pas de donn\u00e9es personnelles et sera supprim\u00e9 automatiquement \u00e0 la fermeture de votre navigateur.<\/p>\n\n\n\n<p>Lorsque vous vous connecterez, nous mettrons en place un certain nombre de cookies pour enregistrer vos informations de connexion et vos pr\u00e9f\u00e9rences d\u2019\u00e9cran. La dur\u00e9e de vie d\u2019un cookie de connexion est de deux jours, celle d\u2019un cookie d\u2019option d\u2019\u00e9cran est d\u2019un an. Si vous cochez \u00ab&nbsp;Se souvenir de moi&nbsp;\u00bb, votre cookie de connexion sera conserv\u00e9 pendant deux semaines. <\/p>\n\n\n\n<p>En modifiant ou en publiant une publication, un cookie suppl\u00e9mentaire sera enregistr\u00e9 dans votre navigateur. Ce cookie ne comprend aucune donn\u00e9e personnelle. Il indique simplement l\u2019ID de la publication que vous venez de modifier. Il expire au bout d\u2019un jour.<\/p>\n\n\n\n<h3 class=\"wp-block-heading\">Contenu embarqu\u00e9 depuis d\u2019autres sites<\/h3>\n\n\n\n<p>Les articles de ce site peuvent inclure des contenus int\u00e9gr\u00e9s (par exemple des vid\u00e9os, images, articles\u2026). Le contenu int\u00e9gr\u00e9 depuis d\u2019autres sites se comporte de la m\u00eame mani\u00e8re que si le visiteur se rendait sur cet autre site.<\/p>\n\n\n\n<p>Ces sites web pourraient collecter des donn\u00e9es sur vous, utiliser des cookies, embarquer des outils de suivis tiers, suivre vos interactions avec ces contenus embarqu\u00e9s si vous disposez d\u2019un compte connect\u00e9 sur leur site web.<\/p>\n\n\n\n<h3 class=\"wp-block-heading\">S\u00e9curit\u00e9 des Informations<\/h3>\n\n\n\n<p>Nous mettons en \u0153uvre des mesures de s\u00e9curit\u00e9 appropri\u00e9es pour prot\u00e9ger vos informations contre tout acc\u00e8s, modification, divulgation ou destruction non autoris\u00e9s. Cependant, aucune m\u00e9thode de transmission sur Internet ou de stockage \u00e9lectronique n&rsquo;est totalement s\u00e9curis\u00e9e.<\/p>\n\n\n\n<h3 class=\"wp-block-heading\">Dur\u00e9es de stockage de vos donn\u00e9es<\/h3>\n\n\n\n<p>Si vous laissez un commentaire, le commentaire et ses m\u00e9tadonn\u00e9es sont conserv\u00e9s ind\u00e9finiment. Cela permet de reconna\u00eetre et approuver automatiquement les commentaires suivants au lieu de les laisser dans la file de mod\u00e9ration.<\/p>\n\n\n\n<h3 class=\"wp-block-heading\">Les droits que vous avez sur vos donn\u00e9es<\/h3>\n\n\n\n<p>Vous pouvez acc\u00e9der aux donn\u00e9es vous concernant, les rectifier, demander leur effacement ou exercer votre droit \u00e0 la limitation du traitement de vos donn\u00e9es.<\/p>\n\n\n\n<p>Si vous estimez, apr\u00e8s nous avoir contact\u00e9s, que vos droits \u00ab\u00a0Informatique et Libert\u00e9s\u00a0\u00bb ne sont pas respect\u00e9s, vous pouvez adresser une r\u00e9clamation \u00e0 la CNIL.<\/p>\n\n\n\n<p><strong>Droit d&rsquo;acc\u00e8s<\/strong> : Les individus ont le droit de savoir si leurs donn\u00e9es sont trait\u00e9es, o\u00f9 et dans quel but. Ils peuvent demander une copie de leurs donn\u00e9es personnelles.<\/p>\n\n\n\n<p><strong>Droit de rectification<\/strong> : Les individus peuvent demander la correction de leurs donn\u00e9es personnelles si elles sont inexactes ou incompl\u00e8tes.<\/p>\n\n\n\n<p><strong>Droit \u00e0 l&rsquo;effacement (droit \u00e0 l&rsquo;oubli)<\/strong> : Les individus peuvent demander la suppression de leurs donn\u00e9es personnelles dans certaines conditions (par exemple, lorsque les donn\u00e9es ne sont plus n\u00e9cessaires).<\/p>\n\n\n\n<p><strong>Droit \u00e0 la limitation du traitement<\/strong> : Les individus peuvent demander de limiter le traitement de leurs donn\u00e9es personnelles dans certaines conditions.<\/p>\n\n\n\n<p><strong>Droit \u00e0 la portabilit\u00e9 des donn\u00e9es<\/strong> : Les individus peuvent demander de recevoir leurs donn\u00e9es personnelles dans un format structur\u00e9, couramment utilis\u00e9 et lisible par machine, et peuvent transmettre ces donn\u00e9es \u00e0 un autre responsable du traitement.<\/p>\n\n\n\n<p><strong>Droit d&rsquo;opposition<\/strong> : Les individus peuvent s&rsquo;opposer au traitement de leurs donn\u00e9es personnelles \u00e0 des fins de marketing direct, de recherche scientifique\/historique, ou \u00e0 des fins statistiques.<\/p>\n\n\n\n<h3 class=\"wp-block-heading\">Transmission de vos donn\u00e9es personnelles<\/h3>\n\n\n\n<p>Les commentaires des visiteurs peuvent \u00eatre v\u00e9rifi\u00e9s \u00e0 l\u2019aide d\u2019un service automatis\u00e9 de d\u00e9tection des commentaires ind\u00e9sirables.<\/p>\n\n\n\n<h3 class=\"wp-block-heading\">Modifications de cette Politique<\/h3>\n\n\n\n<p>Nous pouvons mettre \u00e0 jour notre politique de confidentialit\u00e9 de temps \u00e0 autre. Nous vous informerons de tout changement en publiant la nouvelle politique de confidentialit\u00e9 sur cette page. Nous vous conseillons de consulter cette politique p\u00e9riodiquement pour toute mise \u00e0 jour.<\/p>\n\n\n\n<h3 class=\"wp-block-heading\">Nous Contacter<\/h3>\n\n\n\n<p>Si vous avez des questions concernant cette politique de confidentialit\u00e9, veuillez nous contacter \u00e0 :<\/p>\n\n\n\n<p><strong>ConsultEnfant<\/strong> <\/p>\n\n\n\n<p>Adresse : 9 bis impasse lheureux annoeullin<\/p>\n\n\n\n<p>Email : contact@consultenfant.fr<\/p>\n\n\n\n<p>T\u00e9l\u00e9phone : 0660698741<\/p>\n\n\n\n<p>Consultez le site\u00a0cnil.fr pour plus d\u2019informations sur vos droits.<\/p>\n","protected":false},"excerpt":{"rendered":"<p>Bienvenue sur www.consultenfant.fr. Nous nous engageons \u00e0 prot\u00e9ger et \u00e0 respecter votre vie priv\u00e9e. Cette politique de confidentialit\u00e9 explique comment nous collectons, utilisons, divulguons et prot\u00e9geons vos informations personnelles. Qui sommes-nous&nbsp;? L\u2019adresse de notre site Web est&nbsp;: http:\/\/boutique.consultenfant.fr. Utilisation des donn\u00e9es personnelles collect\u00e9es Les informations recueillies sur ce formulaire sont enregistr\u00e9es dans un fichier informatis\u00e9 [&hellip;]<\/p>\n","protected":false},"author":1,"featured_media":0,"parent":0,"menu_order":0,"comment_status":"closed","ping_status":"closed","template":"","meta":{"footnotes":""},"class_list":["post-3","page","type-page","status-publish","hentry"],"_links":{"self":[{"href":"https:\/\/boutique.consultenfant.fr\/index.php?rest_route=\/wp\/v2\/pages\/3","targetHints":{"allow":["GET"]}}],"collection":[{"href":"https:\/\/boutique.consultenfant.fr\/index.php?rest_route=\/wp\/v2\/pages"}],"about":[{"href":"https:\/\/boutique.consultenfant.fr\/index.php?rest_route=\/wp\/v2\/types\/page"}],"author":[{"embeddable":true,"href":"https:\/\/boutique.consultenfant.fr\/index.php?rest_route=\/wp\/v2\/users\/1"}],"replies":[{"embeddable":true,"href":"https:\/\/boutique.consultenfant.fr\/index.php?rest_route=%2Fwp%2Fv2%2Fcomments&post=3"}],"version-history":[{"count":5,"href":"https:\/\/boutique.consultenfant.fr\/index.php?rest_route=\/wp\/v2\/pages\/3\/revisions"}],"predecessor-version":[{"id":1402,"href":"https:\/\/boutique.consultenfant.fr\/index.php?rest_route=\/wp\/v2\/pages\/3\/revisions\/1402"}],"wp:attachment":[{"href":"https:\/\/boutique.consultenfant.fr\/index.php?rest_route=%2Fwp%2Fv2%2Fmedia&parent=3"}],"curies":[{"name":"wp","href":"https:\/\/api.w.org\/{rel}","templated":true}]}}